{"id":68,"date":"2021-09-03T19:59:23","date_gmt":"2021-09-03T17:59:23","guid":{"rendered":"https:\/\/www.bandfestival.ch\/?page_id=68"},"modified":"2022-01-07T13:06:44","modified_gmt":"2022-01-07T12:06:44","slug":"jugendmessen","status":"publish","type":"page","link":"https:\/\/www.bandfestival.ch\/index.php\/jugendmessen\/","title":{"rendered":"Jugendmessen"},"content":{"rendered":"\n<figure class=\"wp-block-image size-large\"><img loading=\"lazy\" decoding=\"async\" width=\"1024\" height=\"768\" src=\"https:\/\/www.bandfestival.ch\/wp-content\/uploads\/2022\/01\/IMG_5506-1024x768.jpg\" alt=\"\" class=\"wp-image-154\" srcset=\"https:\/\/www.bandfestival.ch\/wp-content\/uploads\/2022\/01\/IMG_5506-1024x768.jpg 1024w, https:\/\/www.bandfestival.ch\/wp-content\/uploads\/2022\/01\/IMG_5506-300x225.jpg 300w, https:\/\/www.bandfestival.ch\/wp-content\/uploads\/2022\/01\/IMG_5506-768x576.jpg 768w, https:\/\/www.bandfestival.ch\/wp-content\/uploads\/2022\/01\/IMG_5506-1536x1152.jpg 1536w, https:\/\/www.bandfestival.ch\/wp-content\/uploads\/2022\/01\/IMG_5506.jpg 1600w\" sizes=\"auto, (max-width: 1024px) 100vw, 1024px\" \/><\/figure>\n\n\n\n<figure class=\"wp-block-image size-large\"><img loading=\"lazy\" decoding=\"async\" width=\"1024\" height=\"726\" src=\"https:\/\/www.bandfestival.ch\/wp-content\/uploads\/2022\/01\/Scheck-Jugendmesse-1024x726.jpg\" alt=\"\" class=\"wp-image-155\" srcset=\"https:\/\/www.bandfestival.ch\/wp-content\/uploads\/2022\/01\/Scheck-Jugendmesse-1024x726.jpg 1024w, https:\/\/www.bandfestival.ch\/wp-content\/uploads\/2022\/01\/Scheck-Jugendmesse-300x213.jpg 300w, https:\/\/www.bandfestival.ch\/wp-content\/uploads\/2022\/01\/Scheck-Jugendmesse-768x544.jpg 768w, https:\/\/www.bandfestival.ch\/wp-content\/uploads\/2022\/01\/Scheck-Jugendmesse-1536x1089.jpg 1536w, https:\/\/www.bandfestival.ch\/wp-content\/uploads\/2022\/01\/Scheck-Jugendmesse-2048x1451.jpg 2048w\" sizes=\"auto, (max-width: 1024px) 100vw, 1024px\" \/><\/figure>\n\n\n\n<p><strong>Zugunsten behinderter Kinder<\/strong><\/p>\n\n\n\n<p><em>Oberwalliser Bandfestival-Verein \u00fcberreicht Check<\/em><\/p>\n\n\n\n<p>Wier teile iischers Glick!<\/p>\n\n\n\n<p>Eing.) Am 16. Dezember 2006 fand in der Pfarrkirche von Brig ein Jugendgottesdienst statt, der vom Oberwalliser Bandfestival-Verein mitgetragen wurde. W\u00e4hrend der Messe sangen die Kandidaten des diesj\u00e4hrigen Prix Valais einige Lieder. Das Opfer, das w\u00e4hrend des Gottesdienstes eingezogen wurde, war f\u00fcr den Oberwalliser Verein \u201eSonne f\u00fcr behinderte Kinder\u201c bestimmt. Sein Ziel ist die Unterst\u00fctzung von Familien mit behinderten Kindern. Entlastungsm\u00f6glichkeiten sollen gesucht, Ferienpl\u00e4tze und Freizeitangebote geschaffen werden.<\/p>\n\n\n\n<p>K\u00fcrzlich durfte die Pr\u00e4sidentin des Vereins \u201eSonne f\u00fcr behinderte Kinder\u201c, Carmen Kalbermatten, das Kirchenopfer in Form eines Checks in der H\u00f6he von 1400.\u2014Fr. aus den H\u00e4nden von Ivan Kronig, Pr\u00e4sident des Bandfestivals entgegen nehmen. Carmen Kalbermatten zeigte sich erfreut und dankte den Organisatoren der Messe und dem Bandfestival-Verein f\u00fcr ihre Spende. Sie wies darauf hin, dass ihr Verein mit dieser Spende wiederum viele Kinderaugen zum Leuchten bringen k\u00f6nne.&nbsp;<\/p>\n\n\n\n<p><strong>Bildlegende:<\/strong>&nbsp;Die Organisatoren der Jugendmesse bei der Check\u00fcbergabe an Carmen Kalbermatten, v.l.&nbsp;&nbsp;Ivan Kronig, Carmen Kalbermatten, Pfarrer Paul Martone, Fabian Karlen.<\/p>\n\n\n\n<p><\/p>\n\n\n\n<figure class=\"wp-block-image size-large\"><img loading=\"lazy\" decoding=\"async\" width=\"1024\" height=\"685\" src=\"https:\/\/www.bandfestival.ch\/wp-content\/uploads\/2022\/01\/DSC00194-1024x685.jpg\" alt=\"\" class=\"wp-image-159\" srcset=\"https:\/\/www.bandfestival.ch\/wp-content\/uploads\/2022\/01\/DSC00194-1024x685.jpg 1024w, https:\/\/www.bandfestival.ch\/wp-content\/uploads\/2022\/01\/DSC00194-300x201.jpg 300w, https:\/\/www.bandfestival.ch\/wp-content\/uploads\/2022\/01\/DSC00194-768x514.jpg 768w, https:\/\/www.bandfestival.ch\/wp-content\/uploads\/2022\/01\/DSC00194-1536x1028.jpg 1536w, https:\/\/www.bandfestival.ch\/wp-content\/uploads\/2022\/01\/DSC00194-2048x1371.jpg 2048w\" sizes=\"auto, (max-width: 1024px) 100vw, 1024px\" \/><\/figure>\n\n\n\n<p><strong>Hoffnung f\u00fcr Hopeville<\/strong><\/p>\n\n\n\n<p><strong>WIER TEILE IISCHERS GLICK!!!<\/strong><\/p>\n\n\n\n<p>Brig (eing.) K\u00fcrzlich wurde in der Pfarrkirche von Brig wiederum ein Jugendgottesdienst, gefeiert, der von der SOS-Band musikalisch begleitet wurde. W\u00e4hrend dieses Gottesdienstes stellte Martin Zeiter aus Gamsen das Projekt Hopeville vor, f\u00fcr welches das Opfer eingezogen wurde. Er machte das dabei mit soviel Glaubw\u00fcrdigkeit, dass sich die Herzen und die Geldbeutel der Messteilnehmer weit \u00f6ffneten, sodass 2500.\u2014Fr. an Spendengelder eingingen. Er und sein Natischer Kollege Daniel Rotzer gr\u00fcndeten im Oktober 2005&nbsp;den Verein \u201eHilfe f\u00fcr Hopeville \u2013 Nigeria\u201c. Ziel ist es, die von den Maristen-Br\u00fcdern gef\u00fchrte Institution Hopeville,&nbsp;im St\u00e4dtchen Uturu im&nbsp;S\u00fcdosten Nigerias, zu unterst\u00fctzen. Die Ordensleute, die auch in der Schweiz vertreten sind, f\u00fchren dort eine orthop\u00e4dische Werkstatt, in der behinderte Menschen Prothesen herstellen.&nbsp;Es wurden auch ein&nbsp;Spital&nbsp;und eine&nbsp;Augenklinik&nbsp;gebaut. Ausserdem wurden eine&nbsp;Sekundar\u2013, eine&nbsp;Primarschule&nbsp;und ein&nbsp;Kindergarten&nbsp;gegr\u00fcndet. Die Schule nahm viele behinderte Sch\u00fcler auf, welche in Hopeville logieren.<\/p>\n\n\n\n<p>Der Oberwalliser Bandfestival Verein, der f\u00fcr die Organisation der musikalischen Gestaltung des Gottesdienstes verantwortlich zeichnete, konnte am vergangenen Donnerstag im Pfarrhaus von Brig Martin Zeiter, Gr\u00fcndungsmitglied des Vereins \u201eHopeville\u201c, einen Check in dieser H\u00f6he \u00fcberreichen. Damit konnte der Oberwalliser Bandfestival Verein \u2013 einmal mehr \u2013 sein Gl\u00fcck mit vielen notleidenden Menschen teilen, diesmal in Hopeville, einer Stadt, in der die Hoffnung auf eine bessere Zukunft wiederum ein wenig gewachsen ist.<\/p>\n\n\n\n<p><strong>Bildlegende:<\/strong>&nbsp;Check\u00fcbergabe an den Verein Hopeville durch den Vorstand des Oberwalliser Bandfestival Vereins: Fabian Karlen, Matthias Eggel, Martin Zeiter (Verein Hopeville), Ivan Kronig, Pfarrer Paul Martone<\/p>\n\n\n\n<p><\/p>\n\n\n\n<figure class=\"wp-block-image size-large\"><img loading=\"lazy\" decoding=\"async\" width=\"1024\" height=\"683\" src=\"https:\/\/www.bandfestival.ch\/wp-content\/uploads\/2022\/01\/Scheckuebergabe-22.04.2008-1024x683.jpg\" alt=\"\" class=\"wp-image-160\" srcset=\"https:\/\/www.bandfestival.ch\/wp-content\/uploads\/2022\/01\/Scheckuebergabe-22.04.2008-1024x683.jpg 1024w, https:\/\/www.bandfestival.ch\/wp-content\/uploads\/2022\/01\/Scheckuebergabe-22.04.2008-300x200.jpg 300w, https:\/\/www.bandfestival.ch\/wp-content\/uploads\/2022\/01\/Scheckuebergabe-22.04.2008-768x512.jpg 768w, https:\/\/www.bandfestival.ch\/wp-content\/uploads\/2022\/01\/Scheckuebergabe-22.04.2008-1536x1024.jpg 1536w, https:\/\/www.bandfestival.ch\/wp-content\/uploads\/2022\/01\/Scheckuebergabe-22.04.2008-2048x1366.jpg 2048w\" sizes=\"auto, (max-width: 1024px) 100vw, 1024px\" \/><\/figure>\n\n\n\n<figure class=\"wp-block-image size-large\"><img loading=\"lazy\" decoding=\"async\" width=\"1024\" height=\"722\" src=\"https:\/\/www.bandfestival.ch\/wp-content\/uploads\/2022\/01\/Jugendmesse-Samstag-16-Juni-2006-2-1024x722.jpg\" alt=\"\" class=\"wp-image-161\" srcset=\"https:\/\/www.bandfestival.ch\/wp-content\/uploads\/2022\/01\/Jugendmesse-Samstag-16-Juni-2006-2-1024x722.jpg 1024w, https:\/\/www.bandfestival.ch\/wp-content\/uploads\/2022\/01\/Jugendmesse-Samstag-16-Juni-2006-2-300x211.jpg 300w, https:\/\/www.bandfestival.ch\/wp-content\/uploads\/2022\/01\/Jugendmesse-Samstag-16-Juni-2006-2-768x541.jpg 768w, https:\/\/www.bandfestival.ch\/wp-content\/uploads\/2022\/01\/Jugendmesse-Samstag-16-Juni-2006-2.jpg 1210w\" sizes=\"auto, (max-width: 1024px) 100vw, 1024px\" \/><\/figure>\n\n\n\n<figure class=\"wp-block-image size-large\"><img loading=\"lazy\" decoding=\"async\" width=\"1024\" height=\"684\" src=\"https:\/\/www.bandfestival.ch\/wp-content\/uploads\/2022\/01\/DSC02887-Kopie-1024x684.jpg\" alt=\"\" class=\"wp-image-162\" srcset=\"https:\/\/www.bandfestival.ch\/wp-content\/uploads\/2022\/01\/DSC02887-Kopie-1024x684.jpg 1024w, https:\/\/www.bandfestival.ch\/wp-content\/uploads\/2022\/01\/DSC02887-Kopie-300x200.jpg 300w, https:\/\/www.bandfestival.ch\/wp-content\/uploads\/2022\/01\/DSC02887-Kopie-768x513.jpg 768w, https:\/\/www.bandfestival.ch\/wp-content\/uploads\/2022\/01\/DSC02887-Kopie-1536x1026.jpg 1536w, https:\/\/www.bandfestival.ch\/wp-content\/uploads\/2022\/01\/DSC02887-Kopie-2048x1368.jpg 2048w\" sizes=\"auto, (max-width: 1024px) 100vw, 1024px\" \/><\/figure>\n\n\n\n<figure class=\"wp-block-image size-large\"><img loading=\"lazy\" decoding=\"async\" width=\"1024\" height=\"683\" src=\"https:\/\/www.bandfestival.ch\/wp-content\/uploads\/2022\/01\/IMG_9923-1024x683.jpg\" alt=\"\" class=\"wp-image-168\" srcset=\"https:\/\/www.bandfestival.ch\/wp-content\/uploads\/2022\/01\/IMG_9923-1024x683.jpg 1024w, https:\/\/www.bandfestival.ch\/wp-content\/uploads\/2022\/01\/IMG_9923-300x200.jpg 300w, https:\/\/www.bandfestival.ch\/wp-content\/uploads\/2022\/01\/IMG_9923-768x512.jpg 768w, https:\/\/www.bandfestival.ch\/wp-content\/uploads\/2022\/01\/IMG_9923-1536x1024.jpg 1536w, https:\/\/www.bandfestival.ch\/wp-content\/uploads\/2022\/01\/IMG_9923-2048x1365.jpg 2048w\" sizes=\"auto, (max-width: 1024px) 100vw, 1024px\" \/><\/figure>\n\n\n\n<figure class=\"wp-block-image size-large\"><img loading=\"lazy\" decoding=\"async\" width=\"1024\" height=\"722\" src=\"https:\/\/www.bandfestival.ch\/wp-content\/uploads\/2022\/01\/Messe-Bandfestival-Glis-1-1024x722.png\" alt=\"\" class=\"wp-image-175\" srcset=\"https:\/\/www.bandfestival.ch\/wp-content\/uploads\/2022\/01\/Messe-Bandfestival-Glis-1-1024x722.png 1024w, https:\/\/www.bandfestival.ch\/wp-content\/uploads\/2022\/01\/Messe-Bandfestival-Glis-1-300x211.png 300w, https:\/\/www.bandfestival.ch\/wp-content\/uploads\/2022\/01\/Messe-Bandfestival-Glis-1-768x541.png 768w, https:\/\/www.bandfestival.ch\/wp-content\/uploads\/2022\/01\/Messe-Bandfestival-Glis-1-1536x1083.png 1536w, https:\/\/www.bandfestival.ch\/wp-content\/uploads\/2022\/01\/Messe-Bandfestival-Glis-1-2048x1444.png 2048w\" sizes=\"auto, (max-width: 1024px) 100vw, 1024px\" \/><\/figure>\n\n\n\n<figure class=\"wp-block-image size-large\"><img loading=\"lazy\" decoding=\"async\" width=\"1024\" height=\"722\" src=\"https:\/\/www.bandfestival.ch\/wp-content\/uploads\/2022\/01\/Messe-Bandfestival-Brig-1024x722.png\" alt=\"\" class=\"wp-image-170\" srcset=\"https:\/\/www.bandfestival.ch\/wp-content\/uploads\/2022\/01\/Messe-Bandfestival-Brig-1024x722.png 1024w, https:\/\/www.bandfestival.ch\/wp-content\/uploads\/2022\/01\/Messe-Bandfestival-Brig-300x211.png 300w, https:\/\/www.bandfestival.ch\/wp-content\/uploads\/2022\/01\/Messe-Bandfestival-Brig-768x541.png 768w, https:\/\/www.bandfestival.ch\/wp-content\/uploads\/2022\/01\/Messe-Bandfestival-Brig-1536x1083.png 1536w, https:\/\/www.bandfestival.ch\/wp-content\/uploads\/2022\/01\/Messe-Bandfestival-Brig-2048x1444.png 2048w\" sizes=\"auto, (max-width: 1024px) 100vw, 1024px\" \/><\/figure>\n\n\n\n\n\n<figure class=\"wp-block-image size-large\"><img loading=\"lazy\" decoding=\"async\" width=\"1024\" height=\"722\" src=\"https:\/\/www.bandfestival.ch\/wp-content\/uploads\/2022\/01\/Messe-Bandfestival-Steg-1024x722.png\" alt=\"\" class=\"wp-image-173\" srcset=\"https:\/\/www.bandfestival.ch\/wp-content\/uploads\/2022\/01\/Messe-Bandfestival-Steg-1024x722.png 1024w, https:\/\/www.bandfestival.ch\/wp-content\/uploads\/2022\/01\/Messe-Bandfestival-Steg-300x211.png 300w, https:\/\/www.bandfestival.ch\/wp-content\/uploads\/2022\/01\/Messe-Bandfestival-Steg-768x541.png 768w, https:\/\/www.bandfestival.ch\/wp-content\/uploads\/2022\/01\/Messe-Bandfestival-Steg-1536x1083.png 1536w, https:\/\/www.bandfestival.ch\/wp-content\/uploads\/2022\/01\/Messe-Bandfestival-Steg-2048x1444.png 2048w\" sizes=\"auto, (max-width: 1024px) 100vw, 1024px\" \/><\/figure>\n","protected":false},"excerpt":{"rendered":"<p>Zugunsten behinderter Kinder Oberwalliser Bandfestival-Verein \u00fcberreicht Check Wier teile iischers Glick! Eing.) Am 16. Dezember 2006 fand in der Pfarrkirche von Brig ein Jugendgottesdienst statt, der vom Oberwalliser Bandfestival-Verein mitgetragen wurde. W\u00e4hrend der Messe sangen die Kandidaten des diesj\u00e4hrigen Prix Valais einige Lieder. Das Opfer, das w\u00e4hrend des Gottesdienstes eingezogen wurde, war f\u00fcr den Oberwalliser &hellip;<\/p>\n<p class=\"read-more\"> <a class=\"\" href=\"https:\/\/www.bandfestival.ch\/index.php\/jugendmessen\/\"> <span class=\"screen-reader-text\">Jugendmessen<\/span> Read More &raquo;<\/a><\/p>\n","protected":false},"author":1,"featured_media":114,"parent":0,"menu_order":0,"comment_status":"closed","ping_status":"closed","template":"","meta":{"site-sidebar-layout":"default","site-content-layout":"default","ast-main-header-display":"","ast-hfb-above-header-display":"","ast-hfb-below-header-display":"","ast-hfb-mobile-header-display":"","site-post-title":"","ast-breadcrumbs-content":"","ast-featured-img":"disabled","footer-sml-layout":"","theme-transparent-header-meta":"default","adv-header-id-meta":"","stick-header-meta":"","header-above-stick-meta":"","header-main-stick-meta":"","header-below-stick-meta":"","footnotes":""},"class_list":["post-68","page","type-page","status-publish","has-post-thumbnail","hentry"],"uagb_featured_image_src":{"full":["https:\/\/www.bandfestival.ch\/wp-content\/uploads\/2021\/09\/Jugendmesse-Samstag-16-Juni-2006.jpg",1210,853,false],"thumbnail":["https:\/\/www.bandfestival.ch\/wp-content\/uploads\/2021\/09\/Jugendmesse-Samstag-16-Juni-2006-150x150.jpg",150,150,true],"medium":["https:\/\/www.bandfestival.ch\/wp-content\/uploads\/2021\/09\/Jugendmesse-Samstag-16-Juni-2006-300x211.jpg",300,211,true],"medium_large":["https:\/\/www.bandfestival.ch\/wp-content\/uploads\/2021\/09\/Jugendmesse-Samstag-16-Juni-2006-768x541.jpg",768,541,true],"large":["https:\/\/www.bandfestival.ch\/wp-content\/uploads\/2021\/09\/Jugendmesse-Samstag-16-Juni-2006-1024x722.jpg",1024,722,true],"1536x1536":["https:\/\/www.bandfestival.ch\/wp-content\/uploads\/2021\/09\/Jugendmesse-Samstag-16-Juni-2006.jpg",1210,853,false],"2048x2048":["https:\/\/www.bandfestival.ch\/wp-content\/uploads\/2021\/09\/Jugendmesse-Samstag-16-Juni-2006.jpg",1210,853,false]},"uagb_author_info":{"display_name":"haveit","author_link":"https:\/\/www.bandfestival.ch\/index.php\/author\/haveit\/"},"uagb_comment_info":0,"uagb_excerpt":"Zugunsten behinderter Kinder Oberwalliser Bandfestival-Verein \u00fcberreicht Check Wier teile iischers Glick! Eing.) Am 16. Dezember 2006 fand in der Pfarrkirche von Brig ein Jugendgottesdienst statt, der vom Oberwalliser Bandfestival-Verein mitgetragen wurde. W\u00e4hrend der Messe sangen die Kandidaten des diesj\u00e4hrigen Prix Valais einige Lieder. Das Opfer, das w\u00e4hrend des Gottesdienstes eingezogen wurde, war f\u00fcr den Oberwalliser&hellip;","_links":{"self":[{"href":"https:\/\/www.bandfestival.ch\/index.php\/wp-json\/wp\/v2\/pages\/68","targetHints":{"allow":["GET"]}}],"collection":[{"href":"https:\/\/www.bandfestival.ch\/index.php\/wp-json\/wp\/v2\/pages"}],"about":[{"href":"https:\/\/www.bandfestival.ch\/index.php\/wp-json\/wp\/v2\/types\/page"}],"author":[{"embeddable":true,"href":"https:\/\/www.bandfestival.ch\/index.php\/wp-json\/wp\/v2\/users\/1"}],"replies":[{"embeddable":true,"href":"https:\/\/www.bandfestival.ch\/index.php\/wp-json\/wp\/v2\/comments?post=68"}],"version-history":[{"count":9,"href":"https:\/\/www.bandfestival.ch\/index.php\/wp-json\/wp\/v2\/pages\/68\/revisions"}],"predecessor-version":[{"id":177,"href":"https:\/\/www.bandfestival.ch\/index.php\/wp-json\/wp\/v2\/pages\/68\/revisions\/177"}],"wp:featuredmedia":[{"embeddable":true,"href":"https:\/\/www.bandfestival.ch\/index.php\/wp-json\/wp\/v2\/media\/114"}],"wp:attachment":[{"href":"https:\/\/www.bandfestival.ch\/index.php\/wp-json\/wp\/v2\/media?parent=68"}],"curies":[{"name":"wp","href":"https:\/\/api.w.org\/{rel}","templated":true}]}}