{"id":62,"date":"2021-09-03T19:58:16","date_gmt":"2021-09-03T17:58:16","guid":{"rendered":"https:\/\/www.bandfestival.ch\/?page_id=62"},"modified":"2022-01-13T13:14:38","modified_gmt":"2022-01-13T12:14:38","slug":"2-bandfestival","status":"publish","type":"page","link":"https:\/\/www.bandfestival.ch\/index.php\/das-band-festival\/2-bandfestival\/","title":{"rendered":"2. Oberwalliser Bandfestival"},"content":{"rendered":"\n<figure class=\"wp-block-image size-large\"><img loading=\"lazy\" decoding=\"async\" width=\"1024\" height=\"691\" src=\"https:\/\/www.bandfestival.ch\/wp-content\/uploads\/2021\/09\/Bandfestival-2005-1024x691.jpg\" alt=\"\" class=\"wp-image-99\" srcset=\"https:\/\/www.bandfestival.ch\/wp-content\/uploads\/2021\/09\/Bandfestival-2005-1024x691.jpg 1024w, https:\/\/www.bandfestival.ch\/wp-content\/uploads\/2021\/09\/Bandfestival-2005-300x202.jpg 300w, https:\/\/www.bandfestival.ch\/wp-content\/uploads\/2021\/09\/Bandfestival-2005-768x518.jpg 768w, https:\/\/www.bandfestival.ch\/wp-content\/uploads\/2021\/09\/Bandfestival-2005-1536x1036.jpg 1536w, https:\/\/www.bandfestival.ch\/wp-content\/uploads\/2021\/09\/Bandfestival-2005-2048x1381.jpg 2048w\" sizes=\"auto, (max-width: 1024px) 100vw, 1024px\" \/><\/figure>\n\n\n\n<figure class=\"wp-block-image size-large\"><img loading=\"lazy\" decoding=\"async\" width=\"1024\" height=\"722\" src=\"https:\/\/www.bandfestival.ch\/wp-content\/uploads\/2022\/01\/2.BandfestivalScheck-1-1024x722.png\" alt=\"\" class=\"wp-image-134\" srcset=\"https:\/\/www.bandfestival.ch\/wp-content\/uploads\/2022\/01\/2.BandfestivalScheck-1-1024x722.png 1024w, https:\/\/www.bandfestival.ch\/wp-content\/uploads\/2022\/01\/2.BandfestivalScheck-1-300x212.png 300w, https:\/\/www.bandfestival.ch\/wp-content\/uploads\/2022\/01\/2.BandfestivalScheck-1-768x542.png 768w, https:\/\/www.bandfestival.ch\/wp-content\/uploads\/2022\/01\/2.BandfestivalScheck-1-1536x1083.png 1536w, https:\/\/www.bandfestival.ch\/wp-content\/uploads\/2022\/01\/2.BandfestivalScheck-1.png 1764w\" sizes=\"auto, (max-width: 1024px) 100vw, 1024px\" \/><\/figure>\n\n\n\n<p>2. Oberwalliser Bandfestival<\/p>\n\n\n\n<p>Benefizkonzert zu Gunsten von &#171;Seebeben S\u00fcdostasien&#187;&nbsp;<\/p>\n\n\n\n<p><strong>Das 2. Oberwalliser Bandfestival im Rothis Western City Gampel-Steg durfte 280 Zuschauer begr\u00fcssen und war damit ein voller Erfolg. Die Zuschauerzahl gegen\u00fcber der ersten Auflage wurde so um 50 Besucher \u00fcbertroffen. Insgesamt konnten so dem Roten Kreuz 4\u2019200 Franken f\u00fcr die humanit\u00e4re Hilfe im Krisengebiet zur Verf\u00fcgung gestellt werden.<\/strong><\/p>\n\n\n\n<p>Organisator Kronig Ivan dankt allen Sponsoren, freiwilligen Helfern, Bands und den Zuschauern f\u00fcr ihre Unterst\u00fctzung. Ein grosser Dank gilt auch den Redaktionen des WB und der RZ, die das Bandfestival wohlwollend angek\u00fcndigt haben und damit f\u00fcr die n\u00f6tige Werbung gesorgt haben.<\/p>\n\n\n\n<p>Das tolle, finanzielle Ergebnis war nicht zuletzt auch deshalb m\u00f6glich, weil alle Bands auf ihre Gage verzichtet haben.Die Bands boten ein unterhaltsames und abwechslungsreiches Programm. Herzlichen Dank! Damit steht einer dritten Auflage des Festivals nichts im Wege.<\/p>\n","protected":false},"excerpt":{"rendered":"<p>2. Oberwalliser Bandfestival Benefizkonzert zu Gunsten von &#171;Seebeben S\u00fcdostasien&#187;&nbsp; Das 2. Oberwalliser Bandfestival im Rothis Western City Gampel-Steg durfte 280 Zuschauer begr\u00fcssen und war damit ein voller Erfolg. Die Zuschauerzahl gegen\u00fcber der ersten Auflage wurde so um 50 Besucher \u00fcbertroffen. Insgesamt konnten so dem Roten Kreuz 4\u2019200 Franken f\u00fcr die humanit\u00e4re Hilfe im Krisengebiet zur &hellip;<\/p>\n<p class=\"read-more\"> <a class=\"\" href=\"https:\/\/www.bandfestival.ch\/index.php\/das-band-festival\/2-bandfestival\/\"> <span class=\"screen-reader-text\">2. Oberwalliser Bandfestival<\/span> Read More &raquo;<\/a><\/p>\n","protected":false},"author":1,"featured_media":99,"parent":27,"menu_order":0,"comment_status":"closed","ping_status":"closed","template":"","meta":{"site-sidebar-layout":"default","site-content-layout":"default","ast-main-header-display":"","ast-hfb-above-header-display":"","ast-hfb-below-header-display":"","ast-hfb-mobile-header-display":"","site-post-title":"","ast-breadcrumbs-content":"","ast-featured-img":"disabled","footer-sml-layout":"","theme-transparent-header-meta":"default","adv-header-id-meta":"","stick-header-meta":"","header-above-stick-meta":"","header-main-stick-meta":"","header-below-stick-meta":"","footnotes":""},"class_list":["post-62","page","type-page","status-publish","has-post-thumbnail","hentry"],"uagb_featured_image_src":{"full":["https:\/\/www.bandfestival.ch\/wp-content\/uploads\/2021\/09\/Bandfestival-2005.jpg",2178,1469,false],"thumbnail":["https:\/\/www.bandfestival.ch\/wp-content\/uploads\/2021\/09\/Bandfestival-2005-150x150.jpg",150,150,true],"medium":["https:\/\/www.bandfestival.ch\/wp-content\/uploads\/2021\/09\/Bandfestival-2005-300x202.jpg",300,202,true],"medium_large":["https:\/\/www.bandfestival.ch\/wp-content\/uploads\/2021\/09\/Bandfestival-2005-768x518.jpg",768,518,true],"large":["https:\/\/www.bandfestival.ch\/wp-content\/uploads\/2021\/09\/Bandfestival-2005-1024x691.jpg",1024,691,true],"1536x1536":["https:\/\/www.bandfestival.ch\/wp-content\/uploads\/2021\/09\/Bandfestival-2005-1536x1036.jpg",1536,1036,true],"2048x2048":["https:\/\/www.bandfestival.ch\/wp-content\/uploads\/2021\/09\/Bandfestival-2005-2048x1381.jpg",2048,1381,true]},"uagb_author_info":{"display_name":"haveit","author_link":"https:\/\/www.bandfestival.ch\/index.php\/author\/haveit\/"},"uagb_comment_info":0,"uagb_excerpt":"2. Oberwalliser Bandfestival Benefizkonzert zu Gunsten von &#171;Seebeben S\u00fcdostasien&#187;&nbsp; Das 2. Oberwalliser Bandfestival im Rothis Western City Gampel-Steg durfte 280 Zuschauer begr\u00fcssen und war damit ein voller Erfolg. Die Zuschauerzahl gegen\u00fcber der ersten Auflage wurde so um 50 Besucher \u00fcbertroffen. Insgesamt konnten so dem Roten Kreuz 4\u2019200 Franken f\u00fcr die humanit\u00e4re Hilfe im Krisengebiet zur&hellip;","_links":{"self":[{"href":"https:\/\/www.bandfestival.ch\/index.php\/wp-json\/wp\/v2\/pages\/62","targetHints":{"allow":["GET"]}}],"collection":[{"href":"https:\/\/www.bandfestival.ch\/index.php\/wp-json\/wp\/v2\/pages"}],"about":[{"href":"https:\/\/www.bandfestival.ch\/index.php\/wp-json\/wp\/v2\/types\/page"}],"author":[{"embeddable":true,"href":"https:\/\/www.bandfestival.ch\/index.php\/wp-json\/wp\/v2\/users\/1"}],"replies":[{"embeddable":true,"href":"https:\/\/www.bandfestival.ch\/index.php\/wp-json\/wp\/v2\/comments?post=62"}],"version-history":[{"count":6,"href":"https:\/\/www.bandfestival.ch\/index.php\/wp-json\/wp\/v2\/pages\/62\/revisions"}],"predecessor-version":[{"id":216,"href":"https:\/\/www.bandfestival.ch\/index.php\/wp-json\/wp\/v2\/pages\/62\/revisions\/216"}],"up":[{"embeddable":true,"href":"https:\/\/www.bandfestival.ch\/index.php\/wp-json\/wp\/v2\/pages\/27"}],"wp:featuredmedia":[{"embeddable":true,"href":"https:\/\/www.bandfestival.ch\/index.php\/wp-json\/wp\/v2\/media\/99"}],"wp:attachment":[{"href":"https:\/\/www.bandfestival.ch\/index.php\/wp-json\/wp\/v2\/media?parent=62"}],"curies":[{"name":"wp","href":"https:\/\/api.w.org\/{rel}","templated":true}]}}