{"id":27,"date":"2021-09-02T18:54:20","date_gmt":"2021-09-02T16:54:20","guid":{"rendered":"https:\/\/www.bandfestival.ch\/?page_id=27"},"modified":"2022-05-16T15:47:38","modified_gmt":"2022-05-16T13:47:38","slug":"das-band-festival","status":"publish","type":"page","link":"https:\/\/www.bandfestival.ch\/","title":{"rendered":"Oberwalliser Bandfestival"},"content":{"rendered":"\n<p>Das Ziel des Oberwalliser Bandfestival Vereins war es, seit 2002 Bandfestivals zu organisieren. Das sechste und letzte Bandfestival fand im Jahre 2017 statt. Dabei handelte es sich um Benefizkonzerte im Oberwallis mit dem Ziel, den gesamten Erl\u00f6s, den diese Konzerte abwarfen, an wohlt\u00e4tige Organisationen (z.B. Stiftung Tanja, Verein Unterschlupf, etc.) zu spenden. Gr\u00fcnder und Pr\u00e4sident des Vereins w\u00e4hrend 20 Jahren Ivan Kronig, dessen Einsatz es zu verdanken ist, dass der Verein in all diesen Jahren seinen Zweck erf\u00fcllen und eine bedeutende f\u00fcnfstellige Summe 38675.- an wohlt\u00e4tige Organisationen spenden konnte.<\/p>\n\n\n\n<p>Der Verein organisiert jedoch weiter Jugendmessen, auch hier mit dem Ziel den Erl\u00f6s an wohlt\u00e4tige Organisationen zu spenden.<\/p>\n\n\n\n<p>Das Bandfestival Komitee bedankt sich recht herzlich bei allen Bands, Helfern und Sponsoren, welche in den letzten Jahren aktiv zum Gelingen dieser Festivals beigetragen haben. Ohne ihre Hilfe w\u00e4re das nie zustande gekommen.&nbsp;<\/p>\n\n\n\n<p><\/p>\n\n\n\n<p><\/p>\n\n\n\n\t\t\t<div class=\"uagb-post-grid  uagb-post__image-position-top uagb-block-4865cd40   \" data-total=\"1\">\n\n\t\t\t\t<div class=\"uagb-post__items uagb-post__columns-3 is-masonry uagb-post__columns-tablet-2 uagb-post__columns-mobile-1\">\n\n\t\t\t\t\t\t\t\t<article >\n\t\t\t\t\t\t\t\t\t\t<div class=\"uagb-post__inner-wrap\">\n\t\t\t\t\t\t\t\t\t\t\t\t\t\t\t<div class='uagb-post__text'> \n\t\t\t\t<h3 class=\"uagb-post__title\">\n\t\t\t\t\t<a href=\"https:\/\/www.bandfestival.ch\/index.php\/partner\/\" target=\"_self\" rel=\"bookmark noopener noreferrer\">Partner<\/a>\n\t\t\t\t<\/h3>\n\t\t\t<\/div>\n\t\t\t\t\t\t<div class='uagb-post__text'> \n\t\t\t<div class=\"uagb-post-grid-byline\">\n\t\t\t\t\t\t\t<\/div>\n\t\t\t<\/div>\n\t\t\t\t\t\t\t<div class='uagb-post__text'> \n\t\t\t\t\t<div class=\"uagb-post__excerpt\">\n\t\t\t\t\t\t\t\t\t\t\t<\/div>\n\t\t\t<\/div>\n\t\t\t\t\t\t<div class='uagb-post__text'> \n\t\t\t\t<div class=\"uagb-post__cta\">\n\t\t\t\t\t<a class=\"uagb-post__link uagb-text-link\" href=\"https:\/\/www.bandfestival.ch\/index.php\/partner\/\" target=\"_self\" rel=\"bookmark noopener noreferrer\">Mehr erfahren<\/a>\n\t\t\t\t<\/div>\n\t\t\t<\/div>\n\t\t\t\t\t\t\t\t<\/div>\n\t\t\t\t\t\t\t\t\t<\/article>\n\t\t\t\t\t\t\t\t<article >\n\t\t\t\t\t\t\t\t\t\t<div class=\"uagb-post__inner-wrap\">\n\t\t\t\t\t\t\t\t\t\t\t\t\t\t\t<div class='uagb-post__text'> \n\t\t\t\t<h3 class=\"uagb-post__title\">\n\t\t\t\t\t<a href=\"https:\/\/www.bandfestival.ch\/index.php\/sponsoren\/\" target=\"_self\" rel=\"bookmark noopener noreferrer\">Sponsoren<\/a>\n\t\t\t\t<\/h3>\n\t\t\t<\/div>\n\t\t\t\t\t\t<div class='uagb-post__text'> \n\t\t\t<div class=\"uagb-post-grid-byline\">\n\t\t\t\t\t\t\t<\/div>\n\t\t\t<\/div>\n\t\t\t\t\t\t\t<div class='uagb-post__text'> \n\t\t\t\t\t<div class=\"uagb-post__excerpt\">\n\t\t\t\t\t\t\t\t\t\t\t<\/div>\n\t\t\t<\/div>\n\t\t\t\t\t\t<div class='uagb-post__text'> \n\t\t\t\t<div class=\"uagb-post__cta\">\n\t\t\t\t\t<a class=\"uagb-post__link uagb-text-link\" href=\"https:\/\/www.bandfestival.ch\/index.php\/sponsoren\/\" target=\"_self\" rel=\"bookmark noopener noreferrer\">Mehr erfahren<\/a>\n\t\t\t\t<\/div>\n\t\t\t<\/div>\n\t\t\t\t\t\t\t\t<\/div>\n\t\t\t\t\t\t\t\t\t<\/article>\n\t\t\t\t\t\t\t\t<article >\n\t\t\t\t\t\t\t\t\t\t<div class=\"uagb-post__inner-wrap\">\n\t\t\t\t\t\t\t\t\t\t\t\t\t\t\t<div class='uagb-post__text'> \n\t\t\t\t<h3 class=\"uagb-post__title\">\n\t\t\t\t\t<a href=\"https:\/\/www.bandfestival.ch\/index.php\/dominino\/\" target=\"_self\" rel=\"bookmark noopener noreferrer\">Domini\u00f1o<\/a>\n\t\t\t\t<\/h3>\n\t\t\t<\/div>\n\t\t\t\t\t\t<div class='uagb-post__text'> \n\t\t\t<div class=\"uagb-post-grid-byline\">\n\t\t\t\t\t\t\t<\/div>\n\t\t\t<\/div>\n\t\t\t\t\t\t\t<div class='uagb-post__text'> \n\t\t\t\t\t<div class=\"uagb-post__excerpt\">\n\t\t\t\t\t\tDomini\u00f1o, vom gemeinn\u00fctzigen Verein SuTrA. e.V., ist ein Hilfswerk f\u00fcr benachteiligte Kinder aus Haiti und der Dominikanischen Republik, die in gro\u00dfer Armut aufwachsen. Ziel und \u2026\t\t\t\t\t<\/div>\n\t\t\t<\/div>\n\t\t\t\t\t\t<div class='uagb-post__text'> \n\t\t\t\t<div class=\"uagb-post__cta\">\n\t\t\t\t\t<a class=\"uagb-post__link uagb-text-link\" href=\"https:\/\/www.bandfestival.ch\/index.php\/dominino\/\" target=\"_self\" rel=\"bookmark noopener noreferrer\">Mehr erfahren<\/a>\n\t\t\t\t<\/div>\n\t\t\t<\/div>\n\t\t\t\t\t\t\t\t<\/div>\n\t\t\t\t\t\t\t\t\t<\/article>\n\t\t\t\t\t\t\t\t<article >\n\t\t\t\t\t\t\t\t\t\t<div class=\"uagb-post__inner-wrap\">\n\t\t\t\t\t\t\t\t\t\t\t\t\t\t\t<div class='uagb-post__image'>\n\t\t\t\t<a href=\"https:\/\/www.bandfestival.ch\/index.php\/das-band-festival\/6-oberwalliser-bandfestival\/\" target=\"_self\" rel=\"bookmark noopener noreferrer\"><img loading=\"lazy\" decoding=\"async\" width=\"719\" height=\"1024\" src=\"https:\/\/www.bandfestival.ch\/wp-content\/uploads\/2021\/09\/Plakat.png\" class=\"attachment-large size-large\" alt=\"\" \/>\t\t\t\t<\/a>\n\t\t\t<\/div>\n\t\t\t\t\t\t<div class='uagb-post__text'> \n\t\t\t\t<h3 class=\"uagb-post__title\">\n\t\t\t\t\t<a href=\"https:\/\/www.bandfestival.ch\/index.php\/das-band-festival\/6-oberwalliser-bandfestival\/\" target=\"_self\" rel=\"bookmark noopener noreferrer\">6. Oberwalliser Bandfestival<\/a>\n\t\t\t\t<\/h3>\n\t\t\t<\/div>\n\t\t\t\t\t\t<div class='uagb-post__text'> \n\t\t\t<div class=\"uagb-post-grid-byline\">\n\t\t\t\t\t\t\t<\/div>\n\t\t\t<\/div>\n\t\t\t\t\t\t\t<div class='uagb-post__text'> \n\t\t\t\t\t<div class=\"uagb-post__excerpt\">\n\t\t\t\t\t\t\t\t\t\t\t<\/div>\n\t\t\t<\/div>\n\t\t\t\t\t\t<div class='uagb-post__text'> \n\t\t\t\t<div class=\"uagb-post__cta\">\n\t\t\t\t\t<a class=\"uagb-post__link uagb-text-link\" href=\"https:\/\/www.bandfestival.ch\/index.php\/das-band-festival\/6-oberwalliser-bandfestival\/\" target=\"_self\" rel=\"bookmark noopener noreferrer\">Mehr erfahren<\/a>\n\t\t\t\t<\/div>\n\t\t\t<\/div>\n\t\t\t\t\t\t\t\t<\/div>\n\t\t\t\t\t\t\t\t\t<\/article>\n\t\t\t\t\t\t\t\t<article >\n\t\t\t\t\t\t\t\t\t\t<div class=\"uagb-post__inner-wrap\">\n\t\t\t\t\t\t\t\t\t\t\t\t\t\t\t<div class='uagb-post__image'>\n\t\t\t\t<a href=\"https:\/\/www.bandfestival.ch\/index.php\/kontakt\/\" target=\"_self\" rel=\"bookmark noopener noreferrer\"><img loading=\"lazy\" decoding=\"async\" width=\"276\" height=\"206\" src=\"https:\/\/www.bandfestival.ch\/wp-content\/uploads\/2021\/09\/mirko_Crop.jpg\" class=\"attachment-large size-large\" alt=\"\" \/>\t\t\t\t<\/a>\n\t\t\t<\/div>\n\t\t\t\t\t\t<div class='uagb-post__text'> \n\t\t\t\t<h3 class=\"uagb-post__title\">\n\t\t\t\t\t<a href=\"https:\/\/www.bandfestival.ch\/index.php\/kontakt\/\" target=\"_self\" rel=\"bookmark noopener noreferrer\">Kontakt<\/a>\n\t\t\t\t<\/h3>\n\t\t\t<\/div>\n\t\t\t\t\t\t<div class='uagb-post__text'> \n\t\t\t<div class=\"uagb-post-grid-byline\">\n\t\t\t\t\t\t\t<\/div>\n\t\t\t<\/div>\n\t\t\t\t\t\t\t<div class='uagb-post__text'> \n\t\t\t\t\t<div class=\"uagb-post__excerpt\">\n\t\t\t\t\t\tFragen zum Bandfestival?Jetzt Kontakt aufnehmeninfo@bandfestival.ch\t\t\t\t\t<\/div>\n\t\t\t<\/div>\n\t\t\t\t\t\t<div class='uagb-post__text'> \n\t\t\t\t<div class=\"uagb-post__cta\">\n\t\t\t\t\t<a class=\"uagb-post__link uagb-text-link\" href=\"https:\/\/www.bandfestival.ch\/index.php\/kontakt\/\" target=\"_self\" rel=\"bookmark noopener noreferrer\">Mehr erfahren<\/a>\n\t\t\t\t<\/div>\n\t\t\t<\/div>\n\t\t\t\t\t\t\t\t<\/div>\n\t\t\t\t\t\t\t\t\t<\/article>\n\t\t\t\t\t\t\t\t<article >\n\t\t\t\t\t\t\t\t\t\t<div class=\"uagb-post__inner-wrap\">\n\t\t\t\t\t\t\t\t\t\t\t\t\t\t\t<div class='uagb-post__text'> \n\t\t\t\t<h3 class=\"uagb-post__title\">\n\t\t\t\t\t<a href=\"https:\/\/www.bandfestival.ch\/index.php\/jugendmessen\/jugendmesse-2007\/\" target=\"_self\" rel=\"bookmark noopener noreferrer\">5. Oberwalliser Bandfestival<\/a>\n\t\t\t\t<\/h3>\n\t\t\t<\/div>\n\t\t\t\t\t\t<div class='uagb-post__text'> \n\t\t\t<div class=\"uagb-post-grid-byline\">\n\t\t\t\t\t\t\t<\/div>\n\t\t\t<\/div>\n\t\t\t\t\t\t\t<div class='uagb-post__text'> \n\t\t\t\t\t<div class=\"uagb-post__excerpt\">\n\t\t\t\t\t\t\t\t\t\t\t<\/div>\n\t\t\t<\/div>\n\t\t\t\t\t\t<div class='uagb-post__text'> \n\t\t\t\t<div class=\"uagb-post__cta\">\n\t\t\t\t\t<a class=\"uagb-post__link uagb-text-link\" href=\"https:\/\/www.bandfestival.ch\/index.php\/jugendmessen\/jugendmesse-2007\/\" target=\"_self\" rel=\"bookmark noopener noreferrer\">Mehr erfahren<\/a>\n\t\t\t\t<\/div>\n\t\t\t<\/div>\n\t\t\t\t\t\t\t\t<\/div>\n\t\t\t\t\t\t\t\t\t<\/article>\n\t\t\t\t\t\t\t\t<article >\n\t\t\t\t\t\t\t\t\t\t<div class=\"uagb-post__inner-wrap\">\n\t\t\t\t\t\t\t\t\t\t\t\t\t\t\t<div class='uagb-post__image'>\n\t\t\t\t<a href=\"https:\/\/www.bandfestival.ch\/index.php\/jugendmessen\/\" target=\"_self\" rel=\"bookmark noopener noreferrer\"><img loading=\"lazy\" decoding=\"async\" width=\"1024\" height=\"722\" src=\"https:\/\/www.bandfestival.ch\/wp-content\/uploads\/2021\/09\/Jugendmesse-Samstag-16-Juni-2006-1024x722.jpg\" class=\"attachment-large size-large\" alt=\"\" srcset=\"https:\/\/www.bandfestival.ch\/wp-content\/uploads\/2021\/09\/Jugendmesse-Samstag-16-Juni-2006-1024x722.jpg 1024w, https:\/\/www.bandfestival.ch\/wp-content\/uploads\/2021\/09\/Jugendmesse-Samstag-16-Juni-2006-300x211.jpg 300w, https:\/\/www.bandfestival.ch\/wp-content\/uploads\/2021\/09\/Jugendmesse-Samstag-16-Juni-2006-768x541.jpg 768w, https:\/\/www.bandfestival.ch\/wp-content\/uploads\/2021\/09\/Jugendmesse-Samstag-16-Juni-2006.jpg 1210w\" sizes=\"auto, (max-width: 1024px) 100vw, 1024px\" \/>\t\t\t\t<\/a>\n\t\t\t<\/div>\n\t\t\t\t\t\t<div class='uagb-post__text'> \n\t\t\t\t<h3 class=\"uagb-post__title\">\n\t\t\t\t\t<a href=\"https:\/\/www.bandfestival.ch\/index.php\/jugendmessen\/\" target=\"_self\" rel=\"bookmark noopener noreferrer\">Jugendmessen<\/a>\n\t\t\t\t<\/h3>\n\t\t\t<\/div>\n\t\t\t\t\t\t<div class='uagb-post__text'> \n\t\t\t<div class=\"uagb-post-grid-byline\">\n\t\t\t\t\t\t\t<\/div>\n\t\t\t<\/div>\n\t\t\t\t\t\t\t<div class='uagb-post__text'> \n\t\t\t\t\t<div class=\"uagb-post__excerpt\">\n\t\t\t\t\t\tZugunsten behinderter Kinder\n\n\n\nOberwalliser Bandfestival-Verein \u00fcberreicht Check\n\n\n\nWier teile iischers Glick!\n\n\n\nEing.) Am 16. Dezember 2006 fand in der Pfarrkirche von Brig ein Jugendgottesdienst statt, der vom Oberwalliser \u2026\t\t\t\t\t<\/div>\n\t\t\t<\/div>\n\t\t\t\t\t\t<div class='uagb-post__text'> \n\t\t\t\t<div class=\"uagb-post__cta\">\n\t\t\t\t\t<a class=\"uagb-post__link uagb-text-link\" href=\"https:\/\/www.bandfestival.ch\/index.php\/jugendmessen\/\" target=\"_self\" rel=\"bookmark noopener noreferrer\">Mehr erfahren<\/a>\n\t\t\t\t<\/div>\n\t\t\t<\/div>\n\t\t\t\t\t\t\t\t<\/div>\n\t\t\t\t\t\t\t\t\t<\/article>\n\t\t\t\t\t\t\t\t<article >\n\t\t\t\t\t\t\t\t\t\t<div class=\"uagb-post__inner-wrap\">\n\t\t\t\t\t\t\t\t\t\t\t\t\t\t\t<div class='uagb-post__image'>\n\t\t\t\t<a href=\"https:\/\/www.bandfestival.ch\/index.php\/das-band-festival\/4-bandfestival\/\" target=\"_self\" rel=\"bookmark noopener noreferrer\"><img loading=\"lazy\" decoding=\"async\" width=\"1024\" height=\"724\" src=\"https:\/\/www.bandfestival.ch\/wp-content\/uploads\/2021\/09\/Flyer-2007-Werbung-1024x724.jpg\" class=\"attachment-large size-large\" alt=\"\" srcset=\"https:\/\/www.bandfestival.ch\/wp-content\/uploads\/2021\/09\/Flyer-2007-Werbung-1024x724.jpg 1024w, https:\/\/www.bandfestival.ch\/wp-content\/uploads\/2021\/09\/Flyer-2007-Werbung-300x212.jpg 300w, https:\/\/www.bandfestival.ch\/wp-content\/uploads\/2021\/09\/Flyer-2007-Werbung-768x543.jpg 768w, https:\/\/www.bandfestival.ch\/wp-content\/uploads\/2021\/09\/Flyer-2007-Werbung-1536x1086.jpg 1536w, https:\/\/www.bandfestival.ch\/wp-content\/uploads\/2021\/09\/Flyer-2007-Werbung-2048x1448.jpg 2048w\" sizes=\"auto, (max-width: 1024px) 100vw, 1024px\" \/>\t\t\t\t<\/a>\n\t\t\t<\/div>\n\t\t\t\t\t\t<div class='uagb-post__text'> \n\t\t\t\t<h3 class=\"uagb-post__title\">\n\t\t\t\t\t<a href=\"https:\/\/www.bandfestival.ch\/index.php\/das-band-festival\/4-bandfestival\/\" target=\"_self\" rel=\"bookmark noopener noreferrer\">4. Oberwalliser Bandfestival<\/a>\n\t\t\t\t<\/h3>\n\t\t\t<\/div>\n\t\t\t\t\t\t<div class='uagb-post__text'> \n\t\t\t<div class=\"uagb-post-grid-byline\">\n\t\t\t\t\t\t\t<\/div>\n\t\t\t<\/div>\n\t\t\t\t\t\t\t<div class='uagb-post__text'> \n\t\t\t\t\t<div class=\"uagb-post__excerpt\">\n\t\t\t\t\t\t\t\t\t\t\t<\/div>\n\t\t\t<\/div>\n\t\t\t\t\t\t<div class='uagb-post__text'> \n\t\t\t\t<div class=\"uagb-post__cta\">\n\t\t\t\t\t<a class=\"uagb-post__link uagb-text-link\" href=\"https:\/\/www.bandfestival.ch\/index.php\/das-band-festival\/4-bandfestival\/\" target=\"_self\" rel=\"bookmark noopener noreferrer\">Mehr erfahren<\/a>\n\t\t\t\t<\/div>\n\t\t\t<\/div>\n\t\t\t\t\t\t\t\t<\/div>\n\t\t\t\t\t\t\t\t\t<\/article>\n\t\t\t\t\t\t\t\t<article >\n\t\t\t\t\t\t\t\t\t\t<div class=\"uagb-post__inner-wrap\">\n\t\t\t\t\t\t\t\t\t\t\t\t\t\t\t<div class='uagb-post__image'>\n\t\t\t\t<a href=\"https:\/\/www.bandfestival.ch\/index.php\/das-band-festival\/3-bandfestival\/\" target=\"_self\" rel=\"bookmark noopener noreferrer\"><img loading=\"lazy\" decoding=\"async\" width=\"429\" height=\"304\" src=\"https:\/\/www.bandfestival.ch\/wp-content\/uploads\/2021\/09\/flyer.jpg\" class=\"attachment-large size-large\" alt=\"\" srcset=\"https:\/\/www.bandfestival.ch\/wp-content\/uploads\/2021\/09\/flyer.jpg 429w, https:\/\/www.bandfestival.ch\/wp-content\/uploads\/2021\/09\/flyer-300x213.jpg 300w\" sizes=\"auto, (max-width: 429px) 100vw, 429px\" \/>\t\t\t\t<\/a>\n\t\t\t<\/div>\n\t\t\t\t\t\t<div class='uagb-post__text'> \n\t\t\t\t<h3 class=\"uagb-post__title\">\n\t\t\t\t\t<a href=\"https:\/\/www.bandfestival.ch\/index.php\/das-band-festival\/3-bandfestival\/\" target=\"_self\" rel=\"bookmark noopener noreferrer\">3. Oberwalliser Bandfestival<\/a>\n\t\t\t\t<\/h3>\n\t\t\t<\/div>\n\t\t\t\t\t\t<div class='uagb-post__text'> \n\t\t\t<div class=\"uagb-post-grid-byline\">\n\t\t\t\t\t\t\t<\/div>\n\t\t\t<\/div>\n\t\t\t\t\t\t\t<div class='uagb-post__text'> \n\t\t\t\t\t<div class=\"uagb-post__excerpt\">\n\t\t\t\t\t\t\t\t\t\t\t<\/div>\n\t\t\t<\/div>\n\t\t\t\t\t\t<div class='uagb-post__text'> \n\t\t\t\t<div class=\"uagb-post__cta\">\n\t\t\t\t\t<a class=\"uagb-post__link uagb-text-link\" href=\"https:\/\/www.bandfestival.ch\/index.php\/das-band-festival\/3-bandfestival\/\" target=\"_self\" rel=\"bookmark noopener noreferrer\">Mehr erfahren<\/a>\n\t\t\t\t<\/div>\n\t\t\t<\/div>\n\t\t\t\t\t\t\t\t<\/div>\n\t\t\t\t\t\t\t\t\t<\/article>\n\t\t\t\t\t\t\t\t<article >\n\t\t\t\t\t\t\t\t\t\t<div class=\"uagb-post__inner-wrap\">\n\t\t\t\t\t\t\t\t\t\t\t\t\t\t\t<div class='uagb-post__image'>\n\t\t\t\t<a href=\"https:\/\/www.bandfestival.ch\/index.php\/das-band-festival\/2-bandfestival\/\" target=\"_self\" rel=\"bookmark noopener noreferrer\"><img loading=\"lazy\" decoding=\"async\" width=\"1024\" height=\"691\" src=\"https:\/\/www.bandfestival.ch\/wp-content\/uploads\/2021\/09\/Bandfestival-2005-1024x691.jpg\" class=\"attachment-large size-large\" alt=\"\" srcset=\"https:\/\/www.bandfestival.ch\/wp-content\/uploads\/2021\/09\/Bandfestival-2005-1024x691.jpg 1024w, https:\/\/www.bandfestival.ch\/wp-content\/uploads\/2021\/09\/Bandfestival-2005-300x202.jpg 300w, https:\/\/www.bandfestival.ch\/wp-content\/uploads\/2021\/09\/Bandfestival-2005-768x518.jpg 768w, https:\/\/www.bandfestival.ch\/wp-content\/uploads\/2021\/09\/Bandfestival-2005-1536x1036.jpg 1536w, https:\/\/www.bandfestival.ch\/wp-content\/uploads\/2021\/09\/Bandfestival-2005-2048x1381.jpg 2048w\" sizes=\"auto, (max-width: 1024px) 100vw, 1024px\" \/>\t\t\t\t<\/a>\n\t\t\t<\/div>\n\t\t\t\t\t\t<div class='uagb-post__text'> \n\t\t\t\t<h3 class=\"uagb-post__title\">\n\t\t\t\t\t<a href=\"https:\/\/www.bandfestival.ch\/index.php\/das-band-festival\/2-bandfestival\/\" target=\"_self\" rel=\"bookmark noopener noreferrer\">2. Oberwalliser Bandfestival<\/a>\n\t\t\t\t<\/h3>\n\t\t\t<\/div>\n\t\t\t\t\t\t<div class='uagb-post__text'> \n\t\t\t<div class=\"uagb-post-grid-byline\">\n\t\t\t\t\t\t\t<\/div>\n\t\t\t<\/div>\n\t\t\t\t\t\t\t<div class='uagb-post__text'> \n\t\t\t\t\t<div class=\"uagb-post__excerpt\">\n\t\t\t\t\t\t2. Oberwalliser Bandfestival\n\n\n\nBenefizkonzert zu Gunsten von &#171;Seebeben S\u00fcdostasien&#187;&nbsp;\n\n\n\nDas 2. Oberwalliser Bandfestival im Rothis Western City Gampel-Steg durfte 280 Zuschauer begr\u00fcssen und war damit ein voller \u2026\t\t\t\t\t<\/div>\n\t\t\t<\/div>\n\t\t\t\t\t\t<div class='uagb-post__text'> \n\t\t\t\t<div class=\"uagb-post__cta\">\n\t\t\t\t\t<a class=\"uagb-post__link uagb-text-link\" href=\"https:\/\/www.bandfestival.ch\/index.php\/das-band-festival\/2-bandfestival\/\" target=\"_self\" rel=\"bookmark noopener noreferrer\">Mehr erfahren<\/a>\n\t\t\t\t<\/div>\n\t\t\t<\/div>\n\t\t\t\t\t\t\t\t<\/div>\n\t\t\t\t\t\t\t\t\t<\/article>\n\t\t\t\t\t\t\t\t<article >\n\t\t\t\t\t\t\t\t\t\t<div class=\"uagb-post__inner-wrap\">\n\t\t\t\t\t\t\t\t\t\t\t\t\t\t\t<div class='uagb-post__image'>\n\t\t\t\t<a href=\"https:\/\/www.bandfestival.ch\/index.php\/das-band-festival\/1-bandfestival\/\" target=\"_self\" rel=\"bookmark noopener noreferrer\"><img loading=\"lazy\" decoding=\"async\" width=\"1024\" height=\"722\" src=\"https:\/\/www.bandfestival.ch\/wp-content\/uploads\/2021\/09\/1_Bandfestival-1024x722.jpg\" class=\"attachment-large size-large\" alt=\"\" srcset=\"https:\/\/www.bandfestival.ch\/wp-content\/uploads\/2021\/09\/1_Bandfestival-1024x722.jpg 1024w, https:\/\/www.bandfestival.ch\/wp-content\/uploads\/2021\/09\/1_Bandfestival-300x211.jpg 300w, https:\/\/www.bandfestival.ch\/wp-content\/uploads\/2021\/09\/1_Bandfestival-768x541.jpg 768w, https:\/\/www.bandfestival.ch\/wp-content\/uploads\/2021\/09\/1_Bandfestival-1536x1083.jpg 1536w, https:\/\/www.bandfestival.ch\/wp-content\/uploads\/2021\/09\/1_Bandfestival-2048x1444.jpg 2048w\" sizes=\"auto, (max-width: 1024px) 100vw, 1024px\" \/>\t\t\t\t<\/a>\n\t\t\t<\/div>\n\t\t\t\t\t\t<div class='uagb-post__text'> \n\t\t\t\t<h3 class=\"uagb-post__title\">\n\t\t\t\t\t<a href=\"https:\/\/www.bandfestival.ch\/index.php\/das-band-festival\/1-bandfestival\/\" target=\"_self\" rel=\"bookmark noopener noreferrer\">1. Oberwalliser Bandfestival<\/a>\n\t\t\t\t<\/h3>\n\t\t\t<\/div>\n\t\t\t\t\t\t<div class='uagb-post__text'> \n\t\t\t<div class=\"uagb-post-grid-byline\">\n\t\t\t\t\t\t\t<\/div>\n\t\t\t<\/div>\n\t\t\t\t\t\t\t<div class='uagb-post__text'> \n\t\t\t\t\t<div class=\"uagb-post__excerpt\">\n\t\t\t\t\t\t1.&nbsp;&nbsp;&nbsp;Oberwalliser Bandfestival\n\n\n\nHeute findet in der Rothis Western City in Gampel die Premiere des Oberwalliser Bandfestivals statt. Neben der Pr\u00e4sentation von jungen schweizer Bands, hat sich \u2026\t\t\t\t\t<\/div>\n\t\t\t<\/div>\n\t\t\t\t\t\t<div class='uagb-post__text'> \n\t\t\t\t<div class=\"uagb-post__cta\">\n\t\t\t\t\t<a class=\"uagb-post__link uagb-text-link\" href=\"https:\/\/www.bandfestival.ch\/index.php\/das-band-festival\/1-bandfestival\/\" target=\"_self\" rel=\"bookmark noopener noreferrer\">Mehr erfahren<\/a>\n\t\t\t\t<\/div>\n\t\t\t<\/div>\n\t\t\t\t\t\t\t\t<\/div>\n\t\t\t\t\t\t\t\t\t<\/article>\n\t\t\t\t\t\t\t\t<\/div>\n\t\t\t\t\t\t\t<\/div>\n\t\t\t","protected":false},"excerpt":{"rendered":"<p>Das Ziel des Oberwalliser Bandfestival Vereins war es, seit 2002 Bandfestivals zu organisieren. Das sechste und letzte Bandfestival fand im Jahre 2017 statt. Dabei handelte es sich um Benefizkonzerte im Oberwallis mit dem Ziel, den gesamten Erl\u00f6s, den diese Konzerte abwarfen, an wohlt\u00e4tige Organisationen (z.B. Stiftung Tanja, Verein Unterschlupf, etc.) zu spenden. Gr\u00fcnder und Pr\u00e4sident &hellip;<\/p>\n<p class=\"read-more\"> <a class=\"\" href=\"https:\/\/www.bandfestival.ch\/\"> <span class=\"screen-reader-text\">Oberwalliser Bandfestival<\/span> Read More &raquo;<\/a><\/p>\n","protected":false},"author":1,"featured_media":0,"parent":0,"menu_order":0,"comment_status":"closed","ping_status":"closed","template":"","meta":{"site-sidebar-layout":"default","site-content-layout":"default","ast-main-header-display":"","ast-hfb-above-header-display":"","ast-hfb-below-header-display":"","ast-hfb-mobile-header-display":"","site-post-title":"","ast-breadcrumbs-content":"","ast-featured-img":"","footer-sml-layout":"","theme-transparent-header-meta":"default","adv-header-id-meta":"","stick-header-meta":"","header-above-stick-meta":"","header-main-stick-meta":"","header-below-stick-meta":"","footnotes":""},"class_list":["post-27","page","type-page","status-publish","hentry"],"uagb_featured_image_src":{"full":false,"thumbnail":false,"medium":false,"medium_large":false,"large":false,"1536x1536":false,"2048x2048":false},"uagb_author_info":{"display_name":"haveit","author_link":"https:\/\/www.bandfestival.ch\/index.php\/author\/haveit\/"},"uagb_comment_info":0,"uagb_excerpt":"Das Ziel des Oberwalliser Bandfestival Vereins war es, seit 2002 Bandfestivals zu organisieren. Das sechste und letzte Bandfestival fand im Jahre 2017 statt. Dabei handelte es sich um Benefizkonzerte im Oberwallis mit dem Ziel, den gesamten Erl\u00f6s, den diese Konzerte abwarfen, an wohlt\u00e4tige Organisationen (z.B. Stiftung Tanja, Verein Unterschlupf, etc.) zu spenden. Gr\u00fcnder und Pr\u00e4sident&hellip;","_links":{"self":[{"href":"https:\/\/www.bandfestival.ch\/index.php\/wp-json\/wp\/v2\/pages\/27","targetHints":{"allow":["GET"]}}],"collection":[{"href":"https:\/\/www.bandfestival.ch\/index.php\/wp-json\/wp\/v2\/pages"}],"about":[{"href":"https:\/\/www.bandfestival.ch\/index.php\/wp-json\/wp\/v2\/types\/page"}],"author":[{"embeddable":true,"href":"https:\/\/www.bandfestival.ch\/index.php\/wp-json\/wp\/v2\/users\/1"}],"replies":[{"embeddable":true,"href":"https:\/\/www.bandfestival.ch\/index.php\/wp-json\/wp\/v2\/comments?post=27"}],"version-history":[{"count":16,"href":"https:\/\/www.bandfestival.ch\/index.php\/wp-json\/wp\/v2\/pages\/27\/revisions"}],"predecessor-version":[{"id":249,"href":"https:\/\/www.bandfestival.ch\/index.php\/wp-json\/wp\/v2\/pages\/27\/revisions\/249"}],"wp:attachment":[{"href":"https:\/\/www.bandfestival.ch\/index.php\/wp-json\/wp\/v2\/media?parent=27"}],"curies":[{"name":"wp","href":"https:\/\/api.w.org\/{rel}","templated":true}]}}