{"id":196,"date":"2022-01-07T15:12:09","date_gmt":"2022-01-07T14:12:09","guid":{"rendered":"https:\/\/www.bandfestival.ch\/?page_id=196"},"modified":"2024-03-27T17:08:13","modified_gmt":"2024-03-27T16:08:13","slug":"dominino","status":"publish","type":"page","link":"https:\/\/www.bandfestival.ch\/index.php\/dominino\/","title":{"rendered":"Domini\u00f1o"},"content":{"rendered":"\n<p class=\"has-text-align-center\">Domini\u00f1o, vom gemeinn\u00fctzigen Verein SuTrA. e.V., ist ein Hilfswerk f\u00fcr benachteiligte Kinder aus Haiti und der Dominikanischen Republik, die in gro\u00dfer Armut aufwachsen. Ziel und Aufgabe ist die Entwicklung und Durchf\u00fchrung sozialer Projekte, welche die Lebenssituation der Kinder nachhaltig verbessern. In unserem Domini\u00f1o-Kinderschutzzentrum nahe der Hauptstadt Santo Domingo erhalten bed\u00fcrftige Kinder Nahrung Bildung und p\u00e4dagogische Betreuung.&nbsp;<\/p>\n\n\n\n<p class=\"has-text-align-center\">Unsere Team-Mitglieder vom Verein SutrA e.V. sind alle ehrenamtlich aktiv, sodass Spendengelder zu 100% unserem Projekt zu Gute kommen.<\/p>\n\n\n\n<p class=\"has-text-align-center\">https:\/\/www.dominino.de<\/p>\n\n\n\n<p class=\"has-text-align-center\"><a href=\"https:\/\/www.betterplace.org\/de\/donate\/platform\/projects\/9303?need_id=389023\">https:\/\/www.betterplace.org\/de\/donate\/platform\/projects\/9303?need_id=389023<\/a><\/p>\n\n\n\n<p class=\"has-text-align-center\"><a href=\"https:\/\/www.betterplace.org\/de\/projects\/9303-dominino-kinderhilfswerk\">https:\/\/www.betterplace.org\/de\/projects\/9303-dominino-kinderhilfswerk<\/a><\/p>\n\n\n\n<figure class=\"wp-block-image size-large\"><img loading=\"lazy\" decoding=\"async\" width=\"1024\" height=\"725\" src=\"https:\/\/www.bandfestival.ch\/wp-content\/uploads\/2022\/05\/image-1024x725.png\" alt=\"\" class=\"wp-image-251\" srcset=\"https:\/\/www.bandfestival.ch\/wp-content\/uploads\/2022\/05\/image-1024x725.png 1024w, https:\/\/www.bandfestival.ch\/wp-content\/uploads\/2022\/05\/image-300x212.png 300w, https:\/\/www.bandfestival.ch\/wp-content\/uploads\/2022\/05\/image-768x544.png 768w, https:\/\/www.bandfestival.ch\/wp-content\/uploads\/2022\/05\/image.png 1244w\" sizes=\"auto, (max-width: 1024px) 100vw, 1024px\" \/><\/figure>\n\n\n\n<figure class=\"wp-block-image aligncenter size-full\"><img loading=\"lazy\" decoding=\"async\" width=\"960\" height=\"720\" src=\"https:\/\/www.bandfestival.ch\/wp-content\/uploads\/2022\/01\/141577251_3843422935715500_2954997211889389035_n.jpeg\" alt=\"\" class=\"wp-image-197\" srcset=\"https:\/\/www.bandfestival.ch\/wp-content\/uploads\/2022\/01\/141577251_3843422935715500_2954997211889389035_n.jpeg 960w, https:\/\/www.bandfestival.ch\/wp-content\/uploads\/2022\/01\/141577251_3843422935715500_2954997211889389035_n-300x225.jpeg 300w, https:\/\/www.bandfestival.ch\/wp-content\/uploads\/2022\/01\/141577251_3843422935715500_2954997211889389035_n-768x576.jpeg 768w\" sizes=\"auto, (max-width: 960px) 100vw, 960px\" \/><\/figure>\n\n\n\n<figure class=\"wp-block-image aligncenter size-full\"><img loading=\"lazy\" decoding=\"async\" width=\"960\" height=\"720\" src=\"https:\/\/www.bandfestival.ch\/wp-content\/uploads\/2022\/01\/141790574_3843427459048381_7113925535665657690_n.jpeg\" alt=\"\" class=\"wp-image-200\" srcset=\"https:\/\/www.bandfestival.ch\/wp-content\/uploads\/2022\/01\/141790574_3843427459048381_7113925535665657690_n.jpeg 960w, https:\/\/www.bandfestival.ch\/wp-content\/uploads\/2022\/01\/141790574_3843427459048381_7113925535665657690_n-300x225.jpeg 300w, https:\/\/www.bandfestival.ch\/wp-content\/uploads\/2022\/01\/141790574_3843427459048381_7113925535665657690_n-768x576.jpeg 768w\" sizes=\"auto, (max-width: 960px) 100vw, 960px\" \/><\/figure>\n\n\n\n<figure class=\"wp-block-image aligncenter size-full\"><img loading=\"lazy\" decoding=\"async\" width=\"720\" height=\"960\" src=\"https:\/\/www.bandfestival.ch\/wp-content\/uploads\/2022\/01\/142220926_3843427469048380_4097889515690615045_n.jpeg\" alt=\"\" class=\"wp-image-201\" srcset=\"https:\/\/www.bandfestival.ch\/wp-content\/uploads\/2022\/01\/142220926_3843427469048380_4097889515690615045_n.jpeg 720w, https:\/\/www.bandfestival.ch\/wp-content\/uploads\/2022\/01\/142220926_3843427469048380_4097889515690615045_n-225x300.jpeg 225w\" sizes=\"auto, (max-width: 720px) 100vw, 720px\" \/><\/figure>\n","protected":false},"excerpt":{"rendered":"<p>Domini\u00f1o, vom gemeinn\u00fctzigen Verein SuTrA. e.V., ist ein Hilfswerk f\u00fcr benachteiligte Kinder aus Haiti und der Dominikanischen Republik, die in gro\u00dfer Armut aufwachsen. Ziel und Aufgabe ist die Entwicklung und Durchf\u00fchrung sozialer Projekte, welche die Lebenssituation der Kinder nachhaltig verbessern. In unserem Domini\u00f1o-Kinderschutzzentrum nahe der Hauptstadt Santo Domingo erhalten bed\u00fcrftige Kinder Nahrung Bildung und p\u00e4dagogische &hellip;<\/p>\n<p class=\"read-more\"> <a class=\"\" href=\"https:\/\/www.bandfestival.ch\/index.php\/dominino\/\"> <span class=\"screen-reader-text\">Domini\u00f1o<\/span> Read More &raquo;<\/a><\/p>\n","protected":false},"author":2,"featured_media":0,"parent":0,"menu_order":0,"comment_status":"closed","ping_status":"closed","template":"","meta":{"site-sidebar-layout":"default","site-content-layout":"default","ast-main-header-display":"","ast-hfb-above-header-display":"","ast-hfb-below-header-display":"","ast-hfb-mobile-header-display":"","site-post-title":"","ast-breadcrumbs-content":"","ast-featured-img":"","footer-sml-layout":"","theme-transparent-header-meta":"default","adv-header-id-meta":"","stick-header-meta":"","header-above-stick-meta":"","header-main-stick-meta":"","header-below-stick-meta":"","footnotes":""},"class_list":["post-196","page","type-page","status-publish","hentry"],"uagb_featured_image_src":{"full":false,"thumbnail":false,"medium":false,"medium_large":false,"large":false,"1536x1536":false,"2048x2048":false},"uagb_author_info":{"display_name":"Ivan Kronig","author_link":"https:\/\/www.bandfestival.ch\/index.php\/author\/ivan\/"},"uagb_comment_info":0,"uagb_excerpt":"Domini\u00f1o, vom gemeinn\u00fctzigen Verein SuTrA. e.V., ist ein Hilfswerk f\u00fcr benachteiligte Kinder aus Haiti und der Dominikanischen Republik, die in gro\u00dfer Armut aufwachsen. Ziel und Aufgabe ist die Entwicklung und Durchf\u00fchrung sozialer Projekte, welche die Lebenssituation der Kinder nachhaltig verbessern. In unserem Domini\u00f1o-Kinderschutzzentrum nahe der Hauptstadt Santo Domingo erhalten bed\u00fcrftige Kinder Nahrung Bildung und p\u00e4dagogische&hellip;","_links":{"self":[{"href":"https:\/\/www.bandfestival.ch\/index.php\/wp-json\/wp\/v2\/pages\/196","targetHints":{"allow":["GET"]}}],"collection":[{"href":"https:\/\/www.bandfestival.ch\/index.php\/wp-json\/wp\/v2\/pages"}],"about":[{"href":"https:\/\/www.bandfestival.ch\/index.php\/wp-json\/wp\/v2\/types\/page"}],"author":[{"embeddable":true,"href":"https:\/\/www.bandfestival.ch\/index.php\/wp-json\/wp\/v2\/users\/2"}],"replies":[{"embeddable":true,"href":"https:\/\/www.bandfestival.ch\/index.php\/wp-json\/wp\/v2\/comments?post=196"}],"version-history":[{"count":9,"href":"https:\/\/www.bandfestival.ch\/index.php\/wp-json\/wp\/v2\/pages\/196\/revisions"}],"predecessor-version":[{"id":260,"href":"https:\/\/www.bandfestival.ch\/index.php\/wp-json\/wp\/v2\/pages\/196\/revisions\/260"}],"wp:attachment":[{"href":"https:\/\/www.bandfestival.ch\/index.php\/wp-json\/wp\/v2\/media?parent=196"}],"curies":[{"name":"wp","href":"https:\/\/api.w.org\/{rel}","templated":true}]}}